{"id":18,"date":"2022-08-02T15:04:24","date_gmt":"2022-08-02T15:04:24","guid":{"rendered":"https:\/\/otoanahtarizmir.com\/?page_id=18"},"modified":"2022-08-02T17:16:31","modified_gmt":"2022-08-02T17:16:31","slug":"hakkimizda","status":"publish","type":"page","link":"https:\/\/otoanahtarizmir.com\/?page_id=18","title":{"rendered":"Hakk\u0131m\u0131zda"},"content":{"rendered":"\n<p><strong>Firmam\u0131z g\u00fcn\u00fcn 24 saati \u0130zmir\u2019de hizmet vermektedir. \u0130\u015fyerimiz kapal\u0131 olsa dahi a\u015fa\u011f\u0131daki Gsm numaralar\u0131ndan bize ula\u015fabilirsiniz. Amac\u0131m\u0131z; firmam\u0131z i\u00e7in m\u00fc\u015fteri memnuyetidir. Yapt\u0131raca\u011f\u0131n\u0131z i\u015fi uzman ki\u015filere yapt\u0131r\u0131n ki zor durumda kalmay\u0131n. \u015eirket Kurucumuz \u00d6mer Kemer 1997 y\u0131l\u0131nda Anahtarc\u0131l\u0131k ve \u00c7ilingir Mesle\u011fine Ba\u015flad\u0131. Bu g\u00fcne kadar tecr\u00fcbe ve deneyiminle \u0130zmir \u0130linde faaliyet g\u00f6sterdi. Anahtarc\u0131l\u0131k ve \u00c7ilingir konusunda uzman ustalardan biri oldu.<\/strong><br><strong>\u015eirket baz\u0131nda Tecr\u00fcbeyi, D\u00fcr\u00fcstl\u00fc\u011f\u00fc, M\u00fc\u015fteri Memnuniyetini, Meslek Ahlak\u0131 ve Mesleki Haklara Sayg\u0131y\u0131 \u0130lke edinmi\u015ftir. Anahtarc\u0131l\u0131k mesle\u011fini g\u00fcn\u00fcm\u00fcz teknolojisi ile birle\u015ftirerek Immobilizer oto kilit sistemleri ve alarm sistemlerinde \u0130zmir\u2019de konusunda uzman ustalar aras\u0131nda yer ald\u0131. Ya\u015f\u0131n\u0131n gen\u00e7 olmas\u0131ndan dolay\u0131, Giri\u015fimcili\u011fi ve Teknolojiyi yakalama h\u0131rs\u0131 Firmam\u0131z\u0131 daha ileri seviyelere g\u00f6t\u00fcrmektedir. M\u00fc\u015fterilerimizin memnuniyetinden dolay\u0131, Teknolojiyi sonuna kadar takip etmeyi ama\u00e7 edinmi\u015ftir. Firmam\u0131z\u0131n Amac\u0131 M\u00fc\u015fterilerimizi ve Meslekta\u015flar\u0131m\u0131z\u0131 Do\u011fru Yerde, Do\u011fru Zamanda, S\u00fcrekli M\u00fc\u015fteri Memnuniyeti Bilinci ile bulu\u015fturmakt\u0131r<\/strong><\/p>\n","protected":false},"excerpt":{"rendered":"<p>Firmam\u0131z g\u00fcn\u00fcn 24 saati \u0130zmir\u2019de hizmet vermektedir. \u0130\u015fyerimiz kapal\u0131 olsa dahi a\u015fa\u011f\u0131daki Gsm numaralar\u0131ndan bize ula\u015fabilirsiniz. Amac\u0131m\u0131z; firmam\u0131z i\u00e7in m\u00fc\u015fteri memnuyetidir. Yapt\u0131raca\u011f\u0131n\u0131z i\u015fi uzman ki\u015filere yapt\u0131r\u0131n ki zor durumda kalmay\u0131n. \u015eirket Kurucumuz \u00d6mer Kemer 1997 y\u0131l\u0131nda Anahtarc\u0131l\u0131k ve \u00c7ilingir Mesle\u011fine Ba\u015flad\u0131. Bu g\u00fcne kadar tecr\u00fcbe ve deneyiminle \u0130zmir \u0130linde faaliyet g\u00f6sterdi. Anahtarc\u0131l\u0131k ve \u00c7ilingir konusunda<\/p>\n<p class=\"more-link\"><a href=\"https:\/\/otoanahtarizmir.com\/?page_id=18\" class=\"themebutton2\">READ MORE<\/a><\/p>\n","protected":false},"author":1,"featured_media":0,"parent":0,"menu_order":0,"comment_status":"closed","ping_status":"closed","template":"","meta":{"footnotes":""},"class_list":["post-18","page","type-page","status-publish","hentry"],"_links":{"self":[{"href":"https:\/\/otoanahtarizmir.com\/index.php?rest_route=\/wp\/v2\/pages\/18","targetHints":{"allow":["GET"]}}],"collection":[{"href":"https:\/\/otoanahtarizmir.com\/index.php?rest_route=\/wp\/v2\/pages"}],"about":[{"href":"https:\/\/otoanahtarizmir.com\/index.php?rest_route=\/wp\/v2\/types\/page"}],"author":[{"embeddable":true,"href":"https:\/\/otoanahtarizmir.com\/index.php?rest_route=\/wp\/v2\/users\/1"}],"replies":[{"embeddable":true,"href":"https:\/\/otoanahtarizmir.com\/index.php?rest_route=%2Fwp%2Fv2%2Fcomments&post=18"}],"version-history":[{"count":4,"href":"https:\/\/otoanahtarizmir.com\/index.php?rest_route=\/wp\/v2\/pages\/18\/revisions"}],"predecessor-version":[{"id":74,"href":"https:\/\/otoanahtarizmir.com\/index.php?rest_route=\/wp\/v2\/pages\/18\/revisions\/74"}],"wp:attachment":[{"href":"https:\/\/otoanahtarizmir.com\/index.php?rest_route=%2Fwp%2Fv2%2Fmedia&parent=18"}],"curies":[{"name":"wp","href":"https:\/\/api.w.org\/{rel}","templated":true}]}}